{"id":5472,"date":"2018-05-25T16:57:11","date_gmt":"2018-05-25T16:57:11","guid":{"rendered":"http:\/\/marcosvaldes.com\/weddings\/?page_id=5472"},"modified":"2018-05-25T16:57:11","modified_gmt":"2018-05-25T16:57:11","slug":"aviso_de_privacidad","status":"publish","type":"page","link":"https:\/\/marcosvaldes.com\/weddings\/aviso_de_privacidad\/","title":{"rendered":"Aviso de privacidad"},"content":{"rendered":"<h4>AVISO DE PRIVACIDAD<\/h4>\n<p>Preservar su privacidad y la seguridad de su informaci\u00f3n personal es importante para nosotros.<\/p>\n<p>Por favor, antes de proporcionarnos sus Datos Personales (los \u201cDatos\u201d) t\u00f3mese un momento para leer el siguiente Aviso de Privacidad (el \u201cAviso\u201d) en el cual le informamos, de conformidad con lo dispuesto por la Ley Federal de Protecci\u00f3n de Datos Personales en Posesi\u00f3n de los Particulares (La \u201cLey\u201d) y su Reglamento (el \u201cReglamento\u201d), sobre c\u00f3mo y con qu\u00e9 fines tratamos su informaci\u00f3n personal.<\/p>\n<p>Si nos proporciona Datos daremos por entendido que est\u00e1 de acuerdo con los t\u00e9rminos de este Aviso, las finalidades del tratamiento de sus Datos, as\u00ed como los medios y procedimiento que ponemos a su disposici\u00f3n para ejercer sus derechos de acceso, rectificaci\u00f3n, cancelaci\u00f3n y oposici\u00f3n en la secci\u00f3n VI de este Aviso de Privacidad.<\/p>\n<p>Los t\u00e9rminos con may\u00fascula incluidos en este Aviso se entienden referidos a las definiciones contenidas en la Ley, el Reglamento o las que se establezcan en el presente Aviso.<\/p>\n<p>I. RESPONSABLE<br \/>\nLa responsable del tratamiento de sus datos es Marcos Gustavo Vald\u00e9s Tadeo con domicilio en Av. del Parque 1151-133, La Alhambra, CP 76074, Quer\u00e9taro, Qro., puede contactarnos a trav\u00e9s del correo electr\u00f3nico: info@marcosvaldes.com.<\/p>\n<p>II. FINALIDADES<br \/>\nLos Datos obtenidos se tratan para las siguientes finalidades (las \u201cFinalidades\u201d): &#8211; Recabamos sus datos personales para: Enviar informaci\u00f3n especeifica<\/p>\n<p>En caso de que celebremos con usted un acto relacionado con alg\u00fan servicio ofrecido por nosotros, sus Datos ser\u00e1n utilizados para el cumplimiento de las obligaciones derivadas de esa relaci\u00f3n jur\u00eddica. En caso de que no se concrete ning\u00fan acto con usted los Datos que nos haya proporcionado ser\u00e1n bloqueados y posteriormente eliminados.<br \/>\nLa informaci\u00f3n que ha sido bloqueada puede conservarse por el plazo necesario para cumplir con disposiciones legales como son fiscales o de naturaleza mercantil y posteriormente ser\u00e1 suprimida.<\/p>\n<p>III. DATOS OBTENIDOS<br \/>\nRecabamos sus datos personales de forma directa cuando usted solicita presupuesto de servicios fotogr\u00e1ficos, cuando nos los proporciona por diversos medios; con el objeto de que le prestemos alg\u00fan servicio de fotograf\u00eda. Los datos que obtenemos por este medio pueden ser, entre otros: correo electr\u00f3nico, tel\u00e9fono m\u00f3vil o de oficina, perfil de facebook.<\/p>\n<p>** El tratamiento de estos datos personales, requiere conforme al art\u00edculo 8 de la Ley Federal de Protecci\u00f3n de Datos Personales en Posesi\u00f3n de los Particulares, y 15 de su Reglamento, del consentimiento expreso por escrito de su titular, por tratarse de datos sensibles y de contenido patrimonial, por lo que acepto que Marcos Gustavo Vald\u00e9s Tadeo realice el tratamiento de los datos referidos, en base a las finalidades contempladas en el apartado II del presente Aviso de Privacidad.<br \/>\nEstos Datos son esenciales para la prestaci\u00f3n de nuestros servicios y facturaci\u00f3n, en su caso, y ser\u00e1n tratados \u00fanicamente para las finalidades establecidas en el presente Aviso.<\/p>\n<p>IV. TRANSFERENCIAS DE DATOS<br \/>\nCon fundamento en los art\u00edculos 36 y 37 de la Ley Federal de Protecci\u00f3n de Datos Personales en Posesi\u00f3n de los Particulares, los Datos no ser\u00e1n transferidos bajo ningun motivo.<\/p>\n<p>V. PROTECCI\u00d3N DE DATOS<br \/>\nLa protecci\u00f3n de los Datos Personales est\u00e1 garantizada y los mismos est\u00e1n protegidos por medidas de seguridad administrativas, t\u00e9cnicas y f\u00edsicas, para evitar su p\u00e9rdida, alteraci\u00f3n, destrucci\u00f3n, uso, acceso o divulgaci\u00f3n indebidos.<\/p>\n<p>VI. DERECHOS ARCO<br \/>\nPuede ejercer los derechos de acceso, rectificaci\u00f3n, cancelaci\u00f3n u oposici\u00f3n y revocar su consentimiento para el tratamiento de sus Datos (derechos ARCO) presentando una solicitud por medios electr\u00f3nicos seg\u00fan se establece a continuaci\u00f3n:info@marcosvaldes.com.<br \/>\nDicha solicitud deber\u00e1 contener por lo menos: (a) su nombre completo; (b) indicar si la solicitud se presenta personalmente o a trav\u00e9s de su representante, (c) su domicilio, (d) su tel\u00e9fono;(e) indicar si acepta que las notificaciones que realicemos en relaci\u00f3n con su solicitud surtan efectos a trav\u00e9s del correo electr\u00f3nico que nos proporcione; (f) la descripci\u00f3n clara y precisa de los Datos Personales respecto de los que solicita ejercer alguno de los derechos ARCO, (g) en su caso, su manifestaci\u00f3n expresa para revocar el consentimiento al tratamiento de sus Datos; (h) cualquier otro elemento que facilite la localizaci\u00f3n de sus Datos (fecha en que se nos proporcionaron los Datos, n\u00famero de identificaci\u00f3n del acto celebrado, persona que te atendi\u00f3, \u00e1reas involucradas) e (i) los documentos que acrediten su identidad y\/o personalidad con poder notarial.<br \/>\nRecuerde que de conformidad con la Ley para dar tr\u00e1mite a su solicitud previamente deber\u00e1 acreditarnos su identidad o personalidad mediante asistencia personal presentando original y copia de su identificaci\u00f3n oficial y\/o poder notarial.<br \/>\nCuando se presenten solicitudes de Acceso y Rectificaci\u00f3n y si reside fuera del Distrito Federal podr\u00e1 presentar la solicitud v\u00eda electr\u00f3nica adjuntando copia digitalizada de su identificaci\u00f3n oficial y\/o poder notarial y esperar nuestras noticias con indicaciones para proceder. Asimismo, el titular, garantiza que los Datos proporcionados son fidedignos, exactos y completos, por lo cual se hace responsable por cualquier da\u00f1o y perjuicio por falsedad o suplantaci\u00f3n de identidad. Trat\u00e1ndose de las solicitudes de rectificaci\u00f3n deber\u00e1 acompa\u00f1ar los documentos que acrediten la solicitud y los Datos en espec\u00edfico que desee modificar. Dichos documentos deben presentarse en original y copia para su cotejo.<br \/>\nEl resto del procedimiento ser\u00e1 tramitado conforme a los plazos y etapas establecidos en la Ley.<br \/>\nSi ya no desea que le enviemos informaci\u00f3n de nuestros servicios o desea optar por limitar el uso, transferencia o divulgaci\u00f3n de sus Datos puede enviarnos su solicitud a la direcci\u00f3n de correo electr\u00f3nico info@marcosvaldes.com. Esta direcci\u00f3n de correo electr\u00f3nico est\u00e1 protegida contra spambots.<\/p>\n<p>VII. PRIVACIDAD DE LOS MENORES<br \/>\nNo prestamos servicios a menores de edad ni aprobamos solicitudes de servicios provenientes de ellos. En consecuencia, no establecemos ni conservamos registros de Datos de cualquier menor de edad del que tengamos conocimiento. No obstante, si descubrimos que hemos recibido Datos o informaci\u00f3n personal de una persona que indica que \u00e9l o ella es menor de edad, o de cualquier otra persona que tengamos motivos para creer que es menor de edad, cancelaremos dichos Datos en t\u00e9rminos de lo establecido por la Ley.<br \/>\nEn caso de que el menor de edad dolosamente se ostente como mayor de edad, \u00e9ste quedar\u00e1 sujeto a las responsabilidades de cualquier naturaleza que correspondan. Solicitamos a los padres que supervisen a sus hijos mientras est\u00e1n en l\u00ednea o cuando realizan llamadas telef\u00f3nicas.<\/p>\n<p>VIII. CONSENTIMIENTO<br \/>\nCuando sea aplicable, si no manifiesta su oposici\u00f3n para que sus Datos sean tratados en los t\u00e9rminos que se\u00f1alados en el presente Aviso, se entender\u00e1 que ha otorgado su consentimiento para ello.<\/p>\n<p>IX. COOKIES Y WEB BEACONS<br \/>\nLe informamos que en nuestro sitio web no utilizamos cookies ni web beacons para obtener informaci\u00f3n personal.<\/p>\n<p>X. QUEJAS Y DENUNCIAS<br \/>\nSi usted considera que su derecho de protecci\u00f3n de datos personales ha sido lesionado por alguna conducta de nuestros empleados o de nuestras actuaciones o respuestas, presume que en el tratamiento de sus datos personales existe alguna violaci\u00f3n a las disposiciones previstas en la Ley Federal de Protecci\u00f3n de Datos Personales en Posesi\u00f3n de los Particulares, podr\u00e1 interponer la queja o denuncia correspondiente ante el Instituto Federal de Acceso a la Informaci\u00f3n y Protecci\u00f3n de Datos (IFAI), para mayor informaci\u00f3n visite la p\u00e1gina www.ifai.org.mx .<\/p>\n<p>XI. ACTUALIZACI\u00d3N DEL AVISO<br \/>\nNuestra empresa se reserva el derecho de modificar o complementar este Aviso de Privacidad en cualquier momento. En caso de existir alguna modificaci\u00f3n al presente Aviso, \u00e9sta se har\u00e1 de su conocimiento en nuestro Sitio Web o podr\u00e1 consultarlo en nuestro domicilio.<\/p>\n<p>XII. CONT\u00c1CTENOS<br \/>\nSi tiene preguntas sobre este Aviso, el manejo de sus Datos o informaci\u00f3n de nuestros productos, servicios, por favor contacte a nuestro Encargado de Protecci\u00f3n de Datos Personales al correo electr\u00f3nico: info@marcosvaldes.com<\/p>\n","protected":false},"excerpt":{"rendered":"<p><span class=\"excerpt-hellip\"> [\u2026]<\/span><\/p>\n","protected":false},"author":1,"featured_media":0,"parent":0,"menu_order":0,"comment_status":"closed","ping_status":"closed","template":"","meta":{"footnotes":""},"class_list":["post-5472","page","type-page","status-publish","hentry"],"yoast_head":"<!-- This site is optimized with the Yoast SEO plugin v27.0 - https:\/\/yoast.com\/product\/yoast-seo-wordpress\/ -->\n<title>aviso_de_privacidad<\/title>\n<meta name=\"description\" content=\"AVISO DE PRIVACIDAD Preservar su privacidad y la seguridad de su informaci\u00f3n personal es importante para nosotros. Por favor, antes de proporcionarnos sus\" \/>\n<meta name=\"robots\" content=\"index, follow, max-snippet:-1, max-image-preview:large, max-video-preview:-1\" \/>\n<link rel=\"canonical\" href=\"https:\/\/marcosvaldes.com\/weddings\/aviso_de_privacidad\/\" \/>\n<meta property=\"og:locale\" content=\"en_US\" \/>\n<meta property=\"og:type\" content=\"article\" \/>\n<meta property=\"og:title\" content=\"aviso_de_privacidad\" \/>\n<meta property=\"og:description\" content=\"AVISO DE PRIVACIDAD Preservar su privacidad y la seguridad de su informaci\u00f3n personal es importante para nosotros. Por favor, antes de proporcionarnos sus\" \/>\n<meta property=\"og:url\" content=\"https:\/\/marcosvaldes.com\/weddings\/aviso_de_privacidad\/\" \/>\n<meta property=\"og:site_name\" content=\"marcosvald\u00e9s|FOT\u00d3GRAFO\u00ae destination wedding photographer \u2022\" \/>\n<meta property=\"article:publisher\" content=\"https:\/\/www.facebook.com\/marcosvaldesfotografo\/\" \/>\n<meta property=\"og:image\" content=\"https:\/\/i0.wp.com\/marcosvaldes.com\/weddings\/wp-content\/uploads\/2022\/05\/serv_marcosvaldes_SMA_eng_mxn_2023_001.jpg?fit=2539%2C1654&ssl=1\" \/>\n\t<meta property=\"og:image:width\" content=\"2539\" \/>\n\t<meta property=\"og:image:height\" content=\"1654\" \/>\n\t<meta property=\"og:image:type\" content=\"image\/jpeg\" \/>\n<meta name=\"twitter:card\" content=\"summary_large_image\" \/>\n<meta name=\"twitter:site\" content=\"@marcosvaldes\" \/>\n<meta name=\"twitter:label1\" content=\"Est. reading time\" \/>\n\t<meta name=\"twitter:data1\" content=\"7 minutes\" \/>\n<script type=\"application\/ld+json\" class=\"yoast-schema-graph\">{\"@context\":\"https:\/\/schema.org\",\"@graph\":[{\"@type\":\"WebPage\",\"@id\":\"https:\/\/marcosvaldes.com\/weddings\/aviso_de_privacidad\/\",\"url\":\"https:\/\/marcosvaldes.com\/weddings\/aviso_de_privacidad\/\",\"name\":\"aviso_de_privacidad\",\"isPartOf\":{\"@id\":\"https:\/\/marcosvaldes.com\/weddings\/#website\"},\"datePublished\":\"2018-05-25T16:57:11+00:00\",\"description\":\"AVISO DE PRIVACIDAD Preservar su privacidad y la seguridad de su informaci\u00f3n personal es importante para nosotros. Por favor, antes de proporcionarnos sus\",\"breadcrumb\":{\"@id\":\"https:\/\/marcosvaldes.com\/weddings\/aviso_de_privacidad\/#breadcrumb\"},\"inLanguage\":\"en-US\",\"potentialAction\":[{\"@type\":\"ReadAction\",\"target\":[\"https:\/\/marcosvaldes.com\/weddings\/aviso_de_privacidad\/\"]}]},{\"@type\":\"BreadcrumbList\",\"@id\":\"https:\/\/marcosvaldes.com\/weddings\/aviso_de_privacidad\/#breadcrumb\",\"itemListElement\":[{\"@type\":\"ListItem\",\"position\":1,\"name\":\"Home\",\"item\":\"https:\/\/marcosvaldes.com\/weddings\/\"},{\"@type\":\"ListItem\",\"position\":2,\"name\":\"Aviso de privacidad\"}]},{\"@type\":\"WebSite\",\"@id\":\"https:\/\/marcosvaldes.com\/weddings\/#website\",\"url\":\"https:\/\/marcosvaldes.com\/weddings\/\",\"name\":\"marcosvaldesFOT0GRAFO\",\"description\":\"Destination Wedding Photographer, San Miguel de Allende\",\"publisher\":{\"@id\":\"https:\/\/marcosvaldes.com\/weddings\/#organization\"},\"potentialAction\":[{\"@type\":\"SearchAction\",\"target\":{\"@type\":\"EntryPoint\",\"urlTemplate\":\"https:\/\/marcosvaldes.com\/weddings\/?s={search_term_string}\"},\"query-input\":{\"@type\":\"PropertyValueSpecification\",\"valueRequired\":true,\"valueName\":\"search_term_string\"}}],\"inLanguage\":\"en-US\"},{\"@type\":[\"Organization\",\"Place\"],\"@id\":\"https:\/\/marcosvaldes.com\/weddings\/#organization\",\"name\":\"marcosvald\u00e9s|FOT\u00d3GRAFO\u00ae\",\"url\":\"https:\/\/marcosvaldes.com\/weddings\/\",\"logo\":{\"@id\":\"https:\/\/marcosvaldes.com\/weddings\/aviso_de_privacidad\/#local-main-organization-logo\"},\"image\":{\"@id\":\"https:\/\/marcosvaldes.com\/weddings\/aviso_de_privacidad\/#local-main-organization-logo\"},\"sameAs\":[\"https:\/\/www.facebook.com\/marcosvaldesfotografo\/\",\"https:\/\/x.com\/marcosvaldes\",\"http:\/\/www.instagram.com\/marcosvaldes\",\"https:\/\/myspace.com\/marcosvaldesfotografo\",\"https:\/\/www.pinterest.com.mx\/marcosvaldes\/pins\/\",\"https:\/\/www.youtube.com\/channel\/UC7-Bp0tpnnuM_C3-ZcyZIVg\"],\"openingHoursSpecification\":[{\"@type\":\"OpeningHoursSpecification\",\"dayOfWeek\":[\"Monday\",\"Tuesday\",\"Wednesday\",\"Thursday\",\"Friday\",\"Saturday\",\"Sunday\"],\"opens\":\"09:00\",\"closes\":\"17:00\"}]},{\"@type\":\"ImageObject\",\"inLanguage\":\"en-US\",\"@id\":\"https:\/\/marcosvaldes.com\/weddings\/aviso_de_privacidad\/#local-main-organization-logo\",\"url\":\"https:\/\/i0.wp.com\/marcosvaldes.com\/weddings\/wp-content\/uploads\/2022\/01\/marcosvaldesLOGO_ngo_400.png?fit=480%2C152&ssl=1\",\"contentUrl\":\"https:\/\/i0.wp.com\/marcosvaldes.com\/weddings\/wp-content\/uploads\/2022\/01\/marcosvaldesLOGO_ngo_400.png?fit=480%2C152&ssl=1\",\"width\":480,\"height\":152,\"caption\":\"marcosvald\u00e9s|FOT\u00d3GRAFO\u00ae\"}]}<\/script>\n<!-- \/ Yoast SEO plugin. -->","yoast_head_json":{"title":"aviso_de_privacidad","description":"AVISO DE PRIVACIDAD Preservar su privacidad y la seguridad de su informaci\u00f3n personal es importante para nosotros. Por favor, antes de proporcionarnos sus","robots":{"index":"index","follow":"follow","max-snippet":"max-snippet:-1","max-image-preview":"max-image-preview:large","max-video-preview":"max-video-preview:-1"},"canonical":"https:\/\/marcosvaldes.com\/weddings\/aviso_de_privacidad\/","og_locale":"en_US","og_type":"article","og_title":"aviso_de_privacidad","og_description":"AVISO DE PRIVACIDAD Preservar su privacidad y la seguridad de su informaci\u00f3n personal es importante para nosotros. Por favor, antes de proporcionarnos sus","og_url":"https:\/\/marcosvaldes.com\/weddings\/aviso_de_privacidad\/","og_site_name":"marcosvald\u00e9s|FOT\u00d3GRAFO\u00ae destination wedding photographer \u2022","article_publisher":"https:\/\/www.facebook.com\/marcosvaldesfotografo\/","og_image":[{"width":2539,"height":1654,"url":"https:\/\/i0.wp.com\/marcosvaldes.com\/weddings\/wp-content\/uploads\/2022\/05\/serv_marcosvaldes_SMA_eng_mxn_2023_001.jpg?fit=2539%2C1654&ssl=1","type":"image\/jpeg"}],"twitter_card":"summary_large_image","twitter_site":"@marcosvaldes","twitter_misc":{"Est. reading time":"7 minutes"},"schema":{"@context":"https:\/\/schema.org","@graph":[{"@type":"WebPage","@id":"https:\/\/marcosvaldes.com\/weddings\/aviso_de_privacidad\/","url":"https:\/\/marcosvaldes.com\/weddings\/aviso_de_privacidad\/","name":"aviso_de_privacidad","isPartOf":{"@id":"https:\/\/marcosvaldes.com\/weddings\/#website"},"datePublished":"2018-05-25T16:57:11+00:00","description":"AVISO DE PRIVACIDAD Preservar su privacidad y la seguridad de su informaci\u00f3n personal es importante para nosotros. Por favor, antes de proporcionarnos sus","breadcrumb":{"@id":"https:\/\/marcosvaldes.com\/weddings\/aviso_de_privacidad\/#breadcrumb"},"inLanguage":"en-US","potentialAction":[{"@type":"ReadAction","target":["https:\/\/marcosvaldes.com\/weddings\/aviso_de_privacidad\/"]}]},{"@type":"BreadcrumbList","@id":"https:\/\/marcosvaldes.com\/weddings\/aviso_de_privacidad\/#breadcrumb","itemListElement":[{"@type":"ListItem","position":1,"name":"Home","item":"https:\/\/marcosvaldes.com\/weddings\/"},{"@type":"ListItem","position":2,"name":"Aviso de privacidad"}]},{"@type":"WebSite","@id":"https:\/\/marcosvaldes.com\/weddings\/#website","url":"https:\/\/marcosvaldes.com\/weddings\/","name":"marcosvaldesFOT0GRAFO","description":"Destination Wedding Photographer, San Miguel de Allende","publisher":{"@id":"https:\/\/marcosvaldes.com\/weddings\/#organization"},"potentialAction":[{"@type":"SearchAction","target":{"@type":"EntryPoint","urlTemplate":"https:\/\/marcosvaldes.com\/weddings\/?s={search_term_string}"},"query-input":{"@type":"PropertyValueSpecification","valueRequired":true,"valueName":"search_term_string"}}],"inLanguage":"en-US"},{"@type":["Organization","Place"],"@id":"https:\/\/marcosvaldes.com\/weddings\/#organization","name":"marcosvald\u00e9s|FOT\u00d3GRAFO\u00ae","url":"https:\/\/marcosvaldes.com\/weddings\/","logo":{"@id":"https:\/\/marcosvaldes.com\/weddings\/aviso_de_privacidad\/#local-main-organization-logo"},"image":{"@id":"https:\/\/marcosvaldes.com\/weddings\/aviso_de_privacidad\/#local-main-organization-logo"},"sameAs":["https:\/\/www.facebook.com\/marcosvaldesfotografo\/","https:\/\/x.com\/marcosvaldes","http:\/\/www.instagram.com\/marcosvaldes","https:\/\/myspace.com\/marcosvaldesfotografo","https:\/\/www.pinterest.com.mx\/marcosvaldes\/pins\/","https:\/\/www.youtube.com\/channel\/UC7-Bp0tpnnuM_C3-ZcyZIVg"],"openingHoursSpecification":[{"@type":"OpeningHoursSpecification","dayOfWeek":["Monday","Tuesday","Wednesday","Thursday","Friday","Saturday","Sunday"],"opens":"09:00","closes":"17:00"}]},{"@type":"ImageObject","inLanguage":"en-US","@id":"https:\/\/marcosvaldes.com\/weddings\/aviso_de_privacidad\/#local-main-organization-logo","url":"https:\/\/i0.wp.com\/marcosvaldes.com\/weddings\/wp-content\/uploads\/2022\/01\/marcosvaldesLOGO_ngo_400.png?fit=480%2C152&ssl=1","contentUrl":"https:\/\/i0.wp.com\/marcosvaldes.com\/weddings\/wp-content\/uploads\/2022\/01\/marcosvaldesLOGO_ngo_400.png?fit=480%2C152&ssl=1","width":480,"height":152,"caption":"marcosvald\u00e9s|FOT\u00d3GRAFO\u00ae"}]}},"jetpack_sharing_enabled":true,"jetpack_shortlink":"https:\/\/wp.me\/P6V9XA-1qg","jetpack_likes_enabled":true,"_links":{"self":[{"href":"https:\/\/marcosvaldes.com\/weddings\/wp-json\/wp\/v2\/pages\/5472","targetHints":{"allow":["GET"]}}],"collection":[{"href":"https:\/\/marcosvaldes.com\/weddings\/wp-json\/wp\/v2\/pages"}],"about":[{"href":"https:\/\/marcosvaldes.com\/weddings\/wp-json\/wp\/v2\/types\/page"}],"author":[{"embeddable":true,"href":"https:\/\/marcosvaldes.com\/weddings\/wp-json\/wp\/v2\/users\/1"}],"replies":[{"embeddable":true,"href":"https:\/\/marcosvaldes.com\/weddings\/wp-json\/wp\/v2\/comments?post=5472"}],"version-history":[{"count":1,"href":"https:\/\/marcosvaldes.com\/weddings\/wp-json\/wp\/v2\/pages\/5472\/revisions"}],"predecessor-version":[{"id":5473,"href":"https:\/\/marcosvaldes.com\/weddings\/wp-json\/wp\/v2\/pages\/5472\/revisions\/5473"}],"wp:attachment":[{"href":"https:\/\/marcosvaldes.com\/weddings\/wp-json\/wp\/v2\/media?parent=5472"}],"curies":[{"name":"wp","href":"https:\/\/api.w.org\/{rel}","templated":true}]}}